{"id":1326,"date":"2023-01-21T17:10:27","date_gmt":"2023-01-21T16:10:27","guid":{"rendered":"https:\/\/recondconcept.se\/?page_id=1326"},"modified":"2023-01-21T18:56:21","modified_gmt":"2023-01-21T17:56:21","slug":"pfas-cleaning","status":"publish","type":"page","link":"https:\/\/recondconcept.se\/en\/services\/pfas-cleaning\/","title":{"rendered":"PFAS cleaning"},"content":{"rendered":"<div id=\"cs-content\" class=\"cs-content\"><\/div>\n","protected":false},"excerpt":{"rendered":"<p>PFAS cleaning What is PFAS? Vad &auml;r PFAS? PFAS, or polyfluoroalkyl substances, is a group of chemicals used in many different products, including fire-fighting foam, water-resistant coatings, and various consumer goods. PFAS are highly resistant to degradation and can remain in the environment for many years. They can also be transported long distances through air, water, and soil. PFAS can &#8230; <\/p>\n<div><a href=\"https:\/\/recondconcept.se\/en\/services\/pfas-cleaning\/\" class=\"more-link\">Read More<\/a><\/div>\n","protected":false},"author":7,"featured_media":0,"parent":717,"menu_order":0,"comment_status":"closed","ping_status":"closed","template":"template-blank-4.php","meta":{"footnotes":""},"class_list":["post-1326","page","type-page","status-publish","hentry","no-post-thumbnail"],"yoast_head":"<!-- This site is optimized with the Yoast SEO Premium plugin v20.3 (Yoast SEO v26.4) - https:\/\/yoast.com\/wordpress\/plugins\/seo\/ -->\n<title>PFAS - Remediation and cleaning PFAS in tanks - RecondConcept<\/title>\n<meta name=\"description\" content=\"RecondConcept offers professional PFAS cleaning of tanks and other structures. Please feel free to contact us for more information.\" \/>\n<meta name=\"robots\" content=\"index, follow, max-snippet:-1, max-image-preview:large, max-video-preview:-1\" \/>\n<link rel=\"canonical\" href=\"https:\/\/recondconcept.se\/en\/services\/pfas-cleaning\/\" \/>\n<meta property=\"og:locale\" content=\"en_US\" \/>\n<meta property=\"og:type\" content=\"article\" \/>\n<meta property=\"og:title\" content=\"PFAS cleaning\" \/>\n<meta property=\"og:description\" content=\"RecondConcept offers professional PFAS cleaning of tanks and other structures. Please feel free to contact us for more information.\" \/>\n<meta property=\"og:url\" content=\"https:\/\/recondconcept.se\/en\/services\/pfas-cleaning\/\" \/>\n<meta property=\"og:site_name\" content=\"RecondConcept\" \/>\n<meta property=\"article:publisher\" content=\"https:\/\/www.facebook.com\/recondconcept\" \/>\n<meta property=\"article:modified_time\" content=\"2023-01-21T17:56:21+00:00\" \/>\n<meta property=\"og:image\" content=\"https:\/\/recondconcept.se\/wp-content\/uploads\/2023\/01\/brandbil-pfas-rengoring-recondconcept-1024x768.jpeg\" \/>\n<meta name=\"twitter:card\" content=\"summary_large_image\" \/>\n<meta name=\"twitter:image\" content=\"https:\/\/recondconcept.se\/wp-content\/uploads\/2023\/01\/brandbil-pfas-rengoring-recondconcept-1024x768.jpeg\" \/>\n<meta name=\"twitter:label1\" content=\"Est. reading time\" \/>\n\t<meta name=\"twitter:data1\" content=\"2 minutes\" \/>\n<script type=\"application\/ld+json\" class=\"yoast-schema-graph\">{\"@context\":\"https:\/\/schema.org\",\"@graph\":[{\"@type\":\"WebPage\",\"@id\":\"https:\/\/recondconcept.se\/en\/services\/pfas-cleaning\/\",\"url\":\"https:\/\/recondconcept.se\/en\/services\/pfas-cleaning\/\",\"name\":\"PFAS - Remediation and cleaning PFAS in tanks - RecondConcept\",\"isPartOf\":{\"@id\":\"https:\/\/recondconcept.se\/en\/#website\"},\"datePublished\":\"2023-01-21T16:10:27+00:00\",\"dateModified\":\"2023-01-21T17:56:21+00:00\",\"description\":\"RecondConcept offers professional PFAS cleaning of tanks and other structures. Please feel free to contact us for more information.\",\"breadcrumb\":{\"@id\":\"https:\/\/recondconcept.se\/en\/services\/pfas-cleaning\/#breadcrumb\"},\"inLanguage\":\"en-US\",\"potentialAction\":[{\"@type\":\"ReadAction\",\"target\":[\"https:\/\/recondconcept.se\/en\/services\/pfas-cleaning\/\"]}]},{\"@type\":\"BreadcrumbList\",\"@id\":\"https:\/\/recondconcept.se\/en\/services\/pfas-cleaning\/#breadcrumb\",\"itemListElement\":[{\"@type\":\"ListItem\",\"position\":1,\"name\":\"Home\",\"item\":\"https:\/\/recondconcept.se\/en\/startsida\/\"},{\"@type\":\"ListItem\",\"position\":2,\"name\":\"PFAS cleaning\"}]},{\"@type\":\"WebSite\",\"@id\":\"https:\/\/recondconcept.se\/en\/#website\",\"url\":\"https:\/\/recondconcept.se\/en\/\",\"name\":\"RecondConcept\",\"description\":\"Nyt\u00e4nkande industriellt underh\u00e5ll som \u00e4r effektivt, milj\u00f6v\u00e4nligt och l\u00f6nsamt.\",\"publisher\":{\"@id\":\"https:\/\/recondconcept.se\/en\/#organization\"},\"alternateName\":\"Recond Concept\",\"potentialAction\":[{\"@type\":\"SearchAction\",\"target\":{\"@type\":\"EntryPoint\",\"urlTemplate\":\"https:\/\/recondconcept.se\/en\/?s={search_term_string}\"},\"query-input\":{\"@type\":\"PropertyValueSpecification\",\"valueRequired\":true,\"valueName\":\"search_term_string\"}}],\"inLanguage\":\"en-US\"},{\"@type\":\"Organization\",\"@id\":\"https:\/\/recondconcept.se\/en\/#organization\",\"name\":\"RecondConcept\",\"alternateName\":\"Recond Concept\",\"url\":\"https:\/\/recondconcept.se\/en\/\",\"logo\":{\"@type\":\"ImageObject\",\"inLanguage\":\"en-US\",\"@id\":\"https:\/\/recondconcept.se\/en\/#\/schema\/logo\/image\/\",\"url\":\"https:\/\/recondconcept.se\/wp-content\/uploads\/2022\/11\/RecondConcept-logotyp.jpeg\",\"contentUrl\":\"https:\/\/recondconcept.se\/wp-content\/uploads\/2022\/11\/RecondConcept-logotyp.jpeg\",\"width\":1024,\"height\":1024,\"caption\":\"RecondConcept\"},\"image\":{\"@id\":\"https:\/\/recondconcept.se\/en\/#\/schema\/logo\/image\/\"},\"sameAs\":[\"https:\/\/www.facebook.com\/recondconcept\",\"https:\/\/www.linkedin.com\/company\/9260039\/admin\/\"]}]}<\/script>\n<!-- \/ Yoast SEO Premium plugin. -->","yoast_head_json":{"title":"PFAS - Remediation and cleaning PFAS in tanks - RecondConcept","description":"RecondConcept offers professional PFAS cleaning of tanks and other structures. Please feel free to contact us for more information.","robots":{"index":"index","follow":"follow","max-snippet":"max-snippet:-1","max-image-preview":"max-image-preview:large","max-video-preview":"max-video-preview:-1"},"canonical":"https:\/\/recondconcept.se\/en\/services\/pfas-cleaning\/","og_locale":"en_US","og_type":"article","og_title":"PFAS cleaning","og_description":"RecondConcept offers professional PFAS cleaning of tanks and other structures. Please feel free to contact us for more information.","og_url":"https:\/\/recondconcept.se\/en\/services\/pfas-cleaning\/","og_site_name":"RecondConcept","article_publisher":"https:\/\/www.facebook.com\/recondconcept","article_modified_time":"2023-01-21T17:56:21+00:00","og_image":[{"url":"https:\/\/recondconcept.se\/wp-content\/uploads\/2023\/01\/brandbil-pfas-rengoring-recondconcept-1024x768.jpeg","type":"","width":"","height":""}],"twitter_card":"summary_large_image","twitter_image":"https:\/\/recondconcept.se\/wp-content\/uploads\/2023\/01\/brandbil-pfas-rengoring-recondconcept-1024x768.jpeg","twitter_misc":{"Est. reading time":"2 minutes"},"schema":{"@context":"https:\/\/schema.org","@graph":[{"@type":"WebPage","@id":"https:\/\/recondconcept.se\/en\/services\/pfas-cleaning\/","url":"https:\/\/recondconcept.se\/en\/services\/pfas-cleaning\/","name":"PFAS - Remediation and cleaning PFAS in tanks - RecondConcept","isPartOf":{"@id":"https:\/\/recondconcept.se\/en\/#website"},"datePublished":"2023-01-21T16:10:27+00:00","dateModified":"2023-01-21T17:56:21+00:00","description":"RecondConcept offers professional PFAS cleaning of tanks and other structures. Please feel free to contact us for more information.","breadcrumb":{"@id":"https:\/\/recondconcept.se\/en\/services\/pfas-cleaning\/#breadcrumb"},"inLanguage":"en-US","potentialAction":[{"@type":"ReadAction","target":["https:\/\/recondconcept.se\/en\/services\/pfas-cleaning\/"]}]},{"@type":"BreadcrumbList","@id":"https:\/\/recondconcept.se\/en\/services\/pfas-cleaning\/#breadcrumb","itemListElement":[{"@type":"ListItem","position":1,"name":"Home","item":"https:\/\/recondconcept.se\/en\/startsida\/"},{"@type":"ListItem","position":2,"name":"PFAS cleaning"}]},{"@type":"WebSite","@id":"https:\/\/recondconcept.se\/en\/#website","url":"https:\/\/recondconcept.se\/en\/","name":"RecondConcept","description":"Nyt\u00e4nkande industriellt underh\u00e5ll som \u00e4r effektivt, milj\u00f6v\u00e4nligt och l\u00f6nsamt.","publisher":{"@id":"https:\/\/recondconcept.se\/en\/#organization"},"alternateName":"Recond Concept","potentialAction":[{"@type":"SearchAction","target":{"@type":"EntryPoint","urlTemplate":"https:\/\/recondconcept.se\/en\/?s={search_term_string}"},"query-input":{"@type":"PropertyValueSpecification","valueRequired":true,"valueName":"search_term_string"}}],"inLanguage":"en-US"},{"@type":"Organization","@id":"https:\/\/recondconcept.se\/en\/#organization","name":"RecondConcept","alternateName":"Recond Concept","url":"https:\/\/recondconcept.se\/en\/","logo":{"@type":"ImageObject","inLanguage":"en-US","@id":"https:\/\/recondconcept.se\/en\/#\/schema\/logo\/image\/","url":"https:\/\/recondconcept.se\/wp-content\/uploads\/2022\/11\/RecondConcept-logotyp.jpeg","contentUrl":"https:\/\/recondconcept.se\/wp-content\/uploads\/2022\/11\/RecondConcept-logotyp.jpeg","width":1024,"height":1024,"caption":"RecondConcept"},"image":{"@id":"https:\/\/recondconcept.se\/en\/#\/schema\/logo\/image\/"},"sameAs":["https:\/\/www.facebook.com\/recondconcept","https:\/\/www.linkedin.com\/company\/9260039\/admin\/"]}]}},"_links":{"self":[{"href":"https:\/\/recondconcept.se\/en\/wp-json\/wp\/v2\/pages\/1326","targetHints":{"allow":["GET"]}}],"collection":[{"href":"https:\/\/recondconcept.se\/en\/wp-json\/wp\/v2\/pages"}],"about":[{"href":"https:\/\/recondconcept.se\/en\/wp-json\/wp\/v2\/types\/page"}],"author":[{"embeddable":true,"href":"https:\/\/recondconcept.se\/en\/wp-json\/wp\/v2\/users\/7"}],"replies":[{"embeddable":true,"href":"https:\/\/recondconcept.se\/en\/wp-json\/wp\/v2\/comments?post=1326"}],"version-history":[{"count":13,"href":"https:\/\/recondconcept.se\/en\/wp-json\/wp\/v2\/pages\/1326\/revisions"}],"predecessor-version":[{"id":1533,"href":"https:\/\/recondconcept.se\/en\/wp-json\/wp\/v2\/pages\/1326\/revisions\/1533"}],"up":[{"embeddable":true,"href":"https:\/\/recondconcept.se\/en\/wp-json\/wp\/v2\/pages\/717"}],"wp:attachment":[{"href":"https:\/\/recondconcept.se\/en\/wp-json\/wp\/v2\/media?parent=1326"}],"curies":[{"name":"wp","href":"https:\/\/api.w.org\/{rel}","templated":true}]}}