{"id":1421,"date":"2023-01-13T16:21:19","date_gmt":"2023-01-13T15:21:19","guid":{"rendered":"https:\/\/recondconcept.se\/customer-case-arlanda-airport\/"},"modified":"2023-01-13T16:42:03","modified_gmt":"2023-01-13T15:42:03","slug":"customer-case-arlanda-airport","status":"publish","type":"page","link":"https:\/\/recondconcept.se\/en\/customer-case-arlanda-airport\/","title":{"rendered":"Customer case &#8211; Arlanda Airport"},"content":{"rendered":"<div id=\"cs-content\" class=\"cs-content\"><\/div>\n","protected":false},"excerpt":{"rendered":"<p>Case: Arlanda Airport Arlanda Airport restored the efficiency of its ventilation system and is now saving carbon dioxide on a daily basis The cooling plant at Stockholm Arlanda Airport\u2019s Terminal 2 was not functioning as it should. After Recond Concept had cleaned and optimised the rooftop dry cooler, temperatures in the terminal sank to a comfortable level, while at the &#8230; <\/p>\n<div><a href=\"https:\/\/recondconcept.se\/en\/customer-case-arlanda-airport\/\" class=\"more-link\">Read More<\/a><\/div>\n","protected":false},"author":5,"featured_media":0,"parent":0,"menu_order":0,"comment_status":"closed","ping_status":"closed","template":"template-blank-4.php","meta":{"footnotes":""},"class_list":["post-1421","page","type-page","status-publish","hentry","no-post-thumbnail"],"yoast_head":"<!-- This site is optimized with the Yoast SEO Premium plugin v20.3 (Yoast SEO v26.4) - https:\/\/yoast.com\/wordpress\/plugins\/seo\/ -->\n<title>Customer case - Arlanda Airport - Dry cooler - RecondConcept<\/title>\n<meta name=\"description\" content=\"After Recond Concept had cleaned and optimised the rooftop dry cooler at Arlanda Airport they reduced both its costs and carbon footprint.\" \/>\n<meta name=\"robots\" content=\"index, follow, max-snippet:-1, max-image-preview:large, max-video-preview:-1\" \/>\n<link rel=\"canonical\" href=\"https:\/\/recondconcept.se\/en\/customer-case-arlanda-airport\/\" \/>\n<meta property=\"og:locale\" content=\"en_US\" \/>\n<meta property=\"og:type\" content=\"article\" \/>\n<meta property=\"og:title\" content=\"Customer case - Arlanda Airport\" \/>\n<meta property=\"og:description\" content=\"After Recond Concept had cleaned and optimised the rooftop dry cooler at Arlanda Airport they reduced both its costs and carbon footprint.\" \/>\n<meta property=\"og:url\" content=\"https:\/\/recondconcept.se\/en\/customer-case-arlanda-airport\/\" \/>\n<meta property=\"og:site_name\" content=\"RecondConcept\" \/>\n<meta property=\"article:publisher\" content=\"https:\/\/www.facebook.com\/recondconcept\" \/>\n<meta property=\"article:modified_time\" content=\"2023-01-13T15:42:03+00:00\" \/>\n<meta property=\"og:image\" content=\"https:\/\/recondconcept.se\/wp-content\/uploads\/2020\/04\/Ska\u0308rmavbild-2020-03-12-kl.-11.23.38.jpg\" \/>\n\t<meta property=\"og:image:width\" content=\"2000\" \/>\n\t<meta property=\"og:image:height\" content=\"1070\" \/>\n\t<meta property=\"og:image:type\" content=\"image\/jpeg\" \/>\n<meta name=\"twitter:card\" content=\"summary_large_image\" \/>\n<meta name=\"twitter:label1\" content=\"Est. reading time\" \/>\n\t<meta name=\"twitter:data1\" content=\"1 minute\" \/>\n<script type=\"application\/ld+json\" class=\"yoast-schema-graph\">{\"@context\":\"https:\/\/schema.org\",\"@graph\":[{\"@type\":\"WebPage\",\"@id\":\"https:\/\/recondconcept.se\/en\/customer-case-arlanda-airport\/\",\"url\":\"https:\/\/recondconcept.se\/en\/customer-case-arlanda-airport\/\",\"name\":\"Customer case - Arlanda Airport - Dry cooler - RecondConcept\",\"isPartOf\":{\"@id\":\"https:\/\/recondconcept.se\/en\/#website\"},\"datePublished\":\"2023-01-13T15:21:19+00:00\",\"dateModified\":\"2023-01-13T15:42:03+00:00\",\"description\":\"After Recond Concept had cleaned and optimised the rooftop dry cooler at Arlanda Airport they reduced both its costs and carbon footprint.\",\"breadcrumb\":{\"@id\":\"https:\/\/recondconcept.se\/en\/customer-case-arlanda-airport\/#breadcrumb\"},\"inLanguage\":\"en-US\",\"potentialAction\":[{\"@type\":\"ReadAction\",\"target\":[\"https:\/\/recondconcept.se\/en\/customer-case-arlanda-airport\/\"]}]},{\"@type\":\"BreadcrumbList\",\"@id\":\"https:\/\/recondconcept.se\/en\/customer-case-arlanda-airport\/#breadcrumb\",\"itemListElement\":[{\"@type\":\"ListItem\",\"position\":1,\"name\":\"Home\",\"item\":\"https:\/\/recondconcept.se\/en\/startsida\/\"},{\"@type\":\"ListItem\",\"position\":2,\"name\":\"Customer case &#8211; Arlanda Airport\"}]},{\"@type\":\"WebSite\",\"@id\":\"https:\/\/recondconcept.se\/en\/#website\",\"url\":\"https:\/\/recondconcept.se\/en\/\",\"name\":\"RecondConcept\",\"description\":\"Nyt\u00e4nkande industriellt underh\u00e5ll som \u00e4r effektivt, milj\u00f6v\u00e4nligt och l\u00f6nsamt.\",\"publisher\":{\"@id\":\"https:\/\/recondconcept.se\/en\/#organization\"},\"alternateName\":\"Recond Concept\",\"potentialAction\":[{\"@type\":\"SearchAction\",\"target\":{\"@type\":\"EntryPoint\",\"urlTemplate\":\"https:\/\/recondconcept.se\/en\/?s={search_term_string}\"},\"query-input\":{\"@type\":\"PropertyValueSpecification\",\"valueRequired\":true,\"valueName\":\"search_term_string\"}}],\"inLanguage\":\"en-US\"},{\"@type\":\"Organization\",\"@id\":\"https:\/\/recondconcept.se\/en\/#organization\",\"name\":\"RecondConcept\",\"alternateName\":\"Recond Concept\",\"url\":\"https:\/\/recondconcept.se\/en\/\",\"logo\":{\"@type\":\"ImageObject\",\"inLanguage\":\"en-US\",\"@id\":\"https:\/\/recondconcept.se\/en\/#\/schema\/logo\/image\/\",\"url\":\"https:\/\/recondconcept.se\/wp-content\/uploads\/2022\/11\/RecondConcept-logotyp.jpeg\",\"contentUrl\":\"https:\/\/recondconcept.se\/wp-content\/uploads\/2022\/11\/RecondConcept-logotyp.jpeg\",\"width\":1024,\"height\":1024,\"caption\":\"RecondConcept\"},\"image\":{\"@id\":\"https:\/\/recondconcept.se\/en\/#\/schema\/logo\/image\/\"},\"sameAs\":[\"https:\/\/www.facebook.com\/recondconcept\",\"https:\/\/www.linkedin.com\/company\/9260039\/admin\/\"]}]}<\/script>\n<!-- \/ Yoast SEO Premium plugin. -->","yoast_head_json":{"title":"Customer case - Arlanda Airport - Dry cooler - RecondConcept","description":"After Recond Concept had cleaned and optimised the rooftop dry cooler at Arlanda Airport they reduced both its costs and carbon footprint.","robots":{"index":"index","follow":"follow","max-snippet":"max-snippet:-1","max-image-preview":"max-image-preview:large","max-video-preview":"max-video-preview:-1"},"canonical":"https:\/\/recondconcept.se\/en\/customer-case-arlanda-airport\/","og_locale":"en_US","og_type":"article","og_title":"Customer case - Arlanda Airport","og_description":"After Recond Concept had cleaned and optimised the rooftop dry cooler at Arlanda Airport they reduced both its costs and carbon footprint.","og_url":"https:\/\/recondconcept.se\/en\/customer-case-arlanda-airport\/","og_site_name":"RecondConcept","article_publisher":"https:\/\/www.facebook.com\/recondconcept","article_modified_time":"2023-01-13T15:42:03+00:00","og_image":[{"width":2000,"height":1070,"url":"https:\/\/recondconcept.se\/wp-content\/uploads\/2020\/04\/Ska\u0308rmavbild-2020-03-12-kl.-11.23.38.jpg","type":"image\/jpeg"}],"twitter_card":"summary_large_image","twitter_misc":{"Est. reading time":"1 minute"},"schema":{"@context":"https:\/\/schema.org","@graph":[{"@type":"WebPage","@id":"https:\/\/recondconcept.se\/en\/customer-case-arlanda-airport\/","url":"https:\/\/recondconcept.se\/en\/customer-case-arlanda-airport\/","name":"Customer case - Arlanda Airport - Dry cooler - RecondConcept","isPartOf":{"@id":"https:\/\/recondconcept.se\/en\/#website"},"datePublished":"2023-01-13T15:21:19+00:00","dateModified":"2023-01-13T15:42:03+00:00","description":"After Recond Concept had cleaned and optimised the rooftop dry cooler at Arlanda Airport they reduced both its costs and carbon footprint.","breadcrumb":{"@id":"https:\/\/recondconcept.se\/en\/customer-case-arlanda-airport\/#breadcrumb"},"inLanguage":"en-US","potentialAction":[{"@type":"ReadAction","target":["https:\/\/recondconcept.se\/en\/customer-case-arlanda-airport\/"]}]},{"@type":"BreadcrumbList","@id":"https:\/\/recondconcept.se\/en\/customer-case-arlanda-airport\/#breadcrumb","itemListElement":[{"@type":"ListItem","position":1,"name":"Home","item":"https:\/\/recondconcept.se\/en\/startsida\/"},{"@type":"ListItem","position":2,"name":"Customer case &#8211; Arlanda Airport"}]},{"@type":"WebSite","@id":"https:\/\/recondconcept.se\/en\/#website","url":"https:\/\/recondconcept.se\/en\/","name":"RecondConcept","description":"Nyt\u00e4nkande industriellt underh\u00e5ll som \u00e4r effektivt, milj\u00f6v\u00e4nligt och l\u00f6nsamt.","publisher":{"@id":"https:\/\/recondconcept.se\/en\/#organization"},"alternateName":"Recond Concept","potentialAction":[{"@type":"SearchAction","target":{"@type":"EntryPoint","urlTemplate":"https:\/\/recondconcept.se\/en\/?s={search_term_string}"},"query-input":{"@type":"PropertyValueSpecification","valueRequired":true,"valueName":"search_term_string"}}],"inLanguage":"en-US"},{"@type":"Organization","@id":"https:\/\/recondconcept.se\/en\/#organization","name":"RecondConcept","alternateName":"Recond Concept","url":"https:\/\/recondconcept.se\/en\/","logo":{"@type":"ImageObject","inLanguage":"en-US","@id":"https:\/\/recondconcept.se\/en\/#\/schema\/logo\/image\/","url":"https:\/\/recondconcept.se\/wp-content\/uploads\/2022\/11\/RecondConcept-logotyp.jpeg","contentUrl":"https:\/\/recondconcept.se\/wp-content\/uploads\/2022\/11\/RecondConcept-logotyp.jpeg","width":1024,"height":1024,"caption":"RecondConcept"},"image":{"@id":"https:\/\/recondconcept.se\/en\/#\/schema\/logo\/image\/"},"sameAs":["https:\/\/www.facebook.com\/recondconcept","https:\/\/www.linkedin.com\/company\/9260039\/admin\/"]}]}},"_links":{"self":[{"href":"https:\/\/recondconcept.se\/en\/wp-json\/wp\/v2\/pages\/1421","targetHints":{"allow":["GET"]}}],"collection":[{"href":"https:\/\/recondconcept.se\/en\/wp-json\/wp\/v2\/pages"}],"about":[{"href":"https:\/\/recondconcept.se\/en\/wp-json\/wp\/v2\/types\/page"}],"author":[{"embeddable":true,"href":"https:\/\/recondconcept.se\/en\/wp-json\/wp\/v2\/users\/5"}],"replies":[{"embeddable":true,"href":"https:\/\/recondconcept.se\/en\/wp-json\/wp\/v2\/comments?post=1421"}],"version-history":[{"count":4,"href":"https:\/\/recondconcept.se\/en\/wp-json\/wp\/v2\/pages\/1421\/revisions"}],"predecessor-version":[{"id":1425,"href":"https:\/\/recondconcept.se\/en\/wp-json\/wp\/v2\/pages\/1421\/revisions\/1425"}],"wp:attachment":[{"href":"https:\/\/recondconcept.se\/en\/wp-json\/wp\/v2\/media?parent=1421"}],"curies":[{"name":"wp","href":"https:\/\/api.w.org\/{rel}","templated":true}]}}