{"id":1672,"date":"2023-06-05T19:29:20","date_gmt":"2023-06-05T17:29:20","guid":{"rendered":"https:\/\/recondconcept.se\/kemisk-rengoring-pannor-engelska\/"},"modified":"2023-06-05T19:40:16","modified_gmt":"2023-06-05T17:40:16","slug":"chemical-cleaning-of-boilers","status":"publish","type":"page","link":"https:\/\/recondconcept.se\/en\/services\/chemical-cleaning-of-boilers\/","title":{"rendered":"Chemical cleaning of boilers"},"content":{"rendered":"<div id=\"cs-content\" class=\"cs-content\"><\/div>\n","protected":false},"excerpt":{"rendered":"<p>Chemical cleaning of boilers We clean and optimize your systems so that they work as intended from the beginning. We begin each assignment with a preliminary study and analysis, then design a customized treatment for your specific equipment. We clean your systems, reduce facility emissions, and revitalize your business. Efficient, environmentally friendly, and profitable. From small systems to entire facilities.Chemical &#8230; <\/p>\n<div><a href=\"https:\/\/recondconcept.se\/en\/services\/chemical-cleaning-of-boilers\/\" class=\"more-link\">Read More<\/a><\/div>\n","protected":false},"author":7,"featured_media":0,"parent":717,"menu_order":0,"comment_status":"closed","ping_status":"closed","template":"template-blank-4.php","meta":{"footnotes":""},"class_list":["post-1672","page","type-page","status-publish","hentry","no-post-thumbnail"],"yoast_head":"<!-- This site is optimized with the Yoast SEO Premium plugin v20.3 (Yoast SEO v26.4) - https:\/\/yoast.com\/wordpress\/plugins\/seo\/ -->\n<title>Chemical cleaning of boilers - RecondConcept<\/title>\n<meta name=\"robots\" content=\"index, follow, max-snippet:-1, max-image-preview:large, max-video-preview:-1\" \/>\n<link rel=\"canonical\" href=\"https:\/\/recondconcept.se\/en\/services\/chemical-cleaning-of-boilers\/\" \/>\n<meta property=\"og:locale\" content=\"en_US\" \/>\n<meta property=\"og:type\" content=\"article\" \/>\n<meta property=\"og:title\" content=\"Chemical cleaning of boilers\" \/>\n<meta property=\"og:description\" content=\"Chemical cleaning of boilers We clean and optimize your systems so that they work as intended from the beginning. We begin each assignment with a preliminary study and analysis, then design a customized treatment for your specific equipment. We clean your systems, reduce facility emissions, and revitalize your business. Efficient, environmentally friendly, and profitable. From small systems to entire facilities.Chemical ... Read More\" \/>\n<meta property=\"og:url\" content=\"https:\/\/recondconcept.se\/en\/services\/chemical-cleaning-of-boilers\/\" \/>\n<meta property=\"og:site_name\" content=\"RecondConcept\" \/>\n<meta property=\"article:publisher\" content=\"https:\/\/www.facebook.com\/recondconcept\" \/>\n<meta property=\"article:modified_time\" content=\"2023-06-05T17:40:16+00:00\" \/>\n<meta property=\"og:image\" content=\"https:\/\/recondconcept.se\/wp-content\/uploads\/2020\/04\/Ska\u0308rmavbild-2020-03-12-kl.-11.23.38.jpg\" \/>\n\t<meta property=\"og:image:width\" content=\"2000\" \/>\n\t<meta property=\"og:image:height\" content=\"1070\" \/>\n\t<meta property=\"og:image:type\" content=\"image\/jpeg\" \/>\n<meta name=\"twitter:card\" content=\"summary_large_image\" \/>\n<meta name=\"twitter:label1\" content=\"Est. reading time\" \/>\n\t<meta name=\"twitter:data1\" content=\"6 minutes\" \/>\n<script type=\"application\/ld+json\" class=\"yoast-schema-graph\">{\"@context\":\"https:\/\/schema.org\",\"@graph\":[{\"@type\":\"WebPage\",\"@id\":\"https:\/\/recondconcept.se\/en\/services\/chemical-cleaning-of-boilers\/\",\"url\":\"https:\/\/recondconcept.se\/en\/services\/chemical-cleaning-of-boilers\/\",\"name\":\"Chemical cleaning of boilers - RecondConcept\",\"isPartOf\":{\"@id\":\"https:\/\/recondconcept.se\/en\/#website\"},\"datePublished\":\"2023-06-05T17:29:20+00:00\",\"dateModified\":\"2023-06-05T17:40:16+00:00\",\"breadcrumb\":{\"@id\":\"https:\/\/recondconcept.se\/en\/services\/chemical-cleaning-of-boilers\/#breadcrumb\"},\"inLanguage\":\"en-US\",\"potentialAction\":[{\"@type\":\"ReadAction\",\"target\":[\"https:\/\/recondconcept.se\/en\/services\/chemical-cleaning-of-boilers\/\"]}]},{\"@type\":\"BreadcrumbList\",\"@id\":\"https:\/\/recondconcept.se\/en\/services\/chemical-cleaning-of-boilers\/#breadcrumb\",\"itemListElement\":[{\"@type\":\"ListItem\",\"position\":1,\"name\":\"Home\",\"item\":\"https:\/\/recondconcept.se\/en\/startsida\/\"},{\"@type\":\"ListItem\",\"position\":2,\"name\":\"Services\",\"item\":\"https:\/\/recondconcept.se\/en\/services\/\"},{\"@type\":\"ListItem\",\"position\":3,\"name\":\"Chemical cleaning of boilers\"}]},{\"@type\":\"WebSite\",\"@id\":\"https:\/\/recondconcept.se\/en\/#website\",\"url\":\"https:\/\/recondconcept.se\/en\/\",\"name\":\"RecondConcept\",\"description\":\"Nyt\u00e4nkande industriellt underh\u00e5ll som \u00e4r effektivt, milj\u00f6v\u00e4nligt och l\u00f6nsamt.\",\"publisher\":{\"@id\":\"https:\/\/recondconcept.se\/en\/#organization\"},\"alternateName\":\"Recond Concept\",\"potentialAction\":[{\"@type\":\"SearchAction\",\"target\":{\"@type\":\"EntryPoint\",\"urlTemplate\":\"https:\/\/recondconcept.se\/en\/?s={search_term_string}\"},\"query-input\":{\"@type\":\"PropertyValueSpecification\",\"valueRequired\":true,\"valueName\":\"search_term_string\"}}],\"inLanguage\":\"en-US\"},{\"@type\":\"Organization\",\"@id\":\"https:\/\/recondconcept.se\/en\/#organization\",\"name\":\"RecondConcept\",\"alternateName\":\"Recond Concept\",\"url\":\"https:\/\/recondconcept.se\/en\/\",\"logo\":{\"@type\":\"ImageObject\",\"inLanguage\":\"en-US\",\"@id\":\"https:\/\/recondconcept.se\/en\/#\/schema\/logo\/image\/\",\"url\":\"https:\/\/recondconcept.se\/wp-content\/uploads\/2022\/11\/RecondConcept-logotyp.jpeg\",\"contentUrl\":\"https:\/\/recondconcept.se\/wp-content\/uploads\/2022\/11\/RecondConcept-logotyp.jpeg\",\"width\":1024,\"height\":1024,\"caption\":\"RecondConcept\"},\"image\":{\"@id\":\"https:\/\/recondconcept.se\/en\/#\/schema\/logo\/image\/\"},\"sameAs\":[\"https:\/\/www.facebook.com\/recondconcept\",\"https:\/\/www.linkedin.com\/company\/9260039\/admin\/\"]}]}<\/script>\n<!-- \/ Yoast SEO Premium plugin. -->","yoast_head_json":{"title":"Chemical cleaning of boilers - RecondConcept","robots":{"index":"index","follow":"follow","max-snippet":"max-snippet:-1","max-image-preview":"max-image-preview:large","max-video-preview":"max-video-preview:-1"},"canonical":"https:\/\/recondconcept.se\/en\/services\/chemical-cleaning-of-boilers\/","og_locale":"en_US","og_type":"article","og_title":"Chemical cleaning of boilers","og_description":"Chemical cleaning of boilers We clean and optimize your systems so that they work as intended from the beginning. We begin each assignment with a preliminary study and analysis, then design a customized treatment for your specific equipment. We clean your systems, reduce facility emissions, and revitalize your business. Efficient, environmentally friendly, and profitable. From small systems to entire facilities.Chemical ... Read More","og_url":"https:\/\/recondconcept.se\/en\/services\/chemical-cleaning-of-boilers\/","og_site_name":"RecondConcept","article_publisher":"https:\/\/www.facebook.com\/recondconcept","article_modified_time":"2023-06-05T17:40:16+00:00","og_image":[{"width":2000,"height":1070,"url":"https:\/\/recondconcept.se\/wp-content\/uploads\/2020\/04\/Ska\u0308rmavbild-2020-03-12-kl.-11.23.38.jpg","type":"image\/jpeg"}],"twitter_card":"summary_large_image","twitter_misc":{"Est. reading time":"6 minutes"},"schema":{"@context":"https:\/\/schema.org","@graph":[{"@type":"WebPage","@id":"https:\/\/recondconcept.se\/en\/services\/chemical-cleaning-of-boilers\/","url":"https:\/\/recondconcept.se\/en\/services\/chemical-cleaning-of-boilers\/","name":"Chemical cleaning of boilers - RecondConcept","isPartOf":{"@id":"https:\/\/recondconcept.se\/en\/#website"},"datePublished":"2023-06-05T17:29:20+00:00","dateModified":"2023-06-05T17:40:16+00:00","breadcrumb":{"@id":"https:\/\/recondconcept.se\/en\/services\/chemical-cleaning-of-boilers\/#breadcrumb"},"inLanguage":"en-US","potentialAction":[{"@type":"ReadAction","target":["https:\/\/recondconcept.se\/en\/services\/chemical-cleaning-of-boilers\/"]}]},{"@type":"BreadcrumbList","@id":"https:\/\/recondconcept.se\/en\/services\/chemical-cleaning-of-boilers\/#breadcrumb","itemListElement":[{"@type":"ListItem","position":1,"name":"Home","item":"https:\/\/recondconcept.se\/en\/startsida\/"},{"@type":"ListItem","position":2,"name":"Services","item":"https:\/\/recondconcept.se\/en\/services\/"},{"@type":"ListItem","position":3,"name":"Chemical cleaning of boilers"}]},{"@type":"WebSite","@id":"https:\/\/recondconcept.se\/en\/#website","url":"https:\/\/recondconcept.se\/en\/","name":"RecondConcept","description":"Nyt\u00e4nkande industriellt underh\u00e5ll som \u00e4r effektivt, milj\u00f6v\u00e4nligt och l\u00f6nsamt.","publisher":{"@id":"https:\/\/recondconcept.se\/en\/#organization"},"alternateName":"Recond Concept","potentialAction":[{"@type":"SearchAction","target":{"@type":"EntryPoint","urlTemplate":"https:\/\/recondconcept.se\/en\/?s={search_term_string}"},"query-input":{"@type":"PropertyValueSpecification","valueRequired":true,"valueName":"search_term_string"}}],"inLanguage":"en-US"},{"@type":"Organization","@id":"https:\/\/recondconcept.se\/en\/#organization","name":"RecondConcept","alternateName":"Recond Concept","url":"https:\/\/recondconcept.se\/en\/","logo":{"@type":"ImageObject","inLanguage":"en-US","@id":"https:\/\/recondconcept.se\/en\/#\/schema\/logo\/image\/","url":"https:\/\/recondconcept.se\/wp-content\/uploads\/2022\/11\/RecondConcept-logotyp.jpeg","contentUrl":"https:\/\/recondconcept.se\/wp-content\/uploads\/2022\/11\/RecondConcept-logotyp.jpeg","width":1024,"height":1024,"caption":"RecondConcept"},"image":{"@id":"https:\/\/recondconcept.se\/en\/#\/schema\/logo\/image\/"},"sameAs":["https:\/\/www.facebook.com\/recondconcept","https:\/\/www.linkedin.com\/company\/9260039\/admin\/"]}]}},"_links":{"self":[{"href":"https:\/\/recondconcept.se\/en\/wp-json\/wp\/v2\/pages\/1672","targetHints":{"allow":["GET"]}}],"collection":[{"href":"https:\/\/recondconcept.se\/en\/wp-json\/wp\/v2\/pages"}],"about":[{"href":"https:\/\/recondconcept.se\/en\/wp-json\/wp\/v2\/types\/page"}],"author":[{"embeddable":true,"href":"https:\/\/recondconcept.se\/en\/wp-json\/wp\/v2\/users\/7"}],"replies":[{"embeddable":true,"href":"https:\/\/recondconcept.se\/en\/wp-json\/wp\/v2\/comments?post=1672"}],"version-history":[{"count":4,"href":"https:\/\/recondconcept.se\/en\/wp-json\/wp\/v2\/pages\/1672\/revisions"}],"predecessor-version":[{"id":1676,"href":"https:\/\/recondconcept.se\/en\/wp-json\/wp\/v2\/pages\/1672\/revisions\/1676"}],"up":[{"embeddable":true,"href":"https:\/\/recondconcept.se\/en\/wp-json\/wp\/v2\/pages\/717"}],"wp:attachment":[{"href":"https:\/\/recondconcept.se\/en\/wp-json\/wp\/v2\/media?parent=1672"}],"curies":[{"name":"wp","href":"https:\/\/api.w.org\/{rel}","templated":true}]}}