{"id":712,"date":"2020-01-30T11:36:27","date_gmt":"2020-01-30T10:36:27","guid":{"rendered":"https:\/\/recondconcept.se\/startsida\/"},"modified":"2023-05-31T20:20:51","modified_gmt":"2023-05-31T18:20:51","slug":"startsida","status":"publish","type":"page","link":"https:\/\/recondconcept.se\/en\/","title":{"rendered":"Startpage"},"content":{"rendered":"<div id=\"cs-content\" class=\"cs-content\"><\/div>\n","protected":false},"excerpt":{"rendered":"<p>Cleaning and energy optimization of your facility Innovative industrial maintenance that is efficient, environmentally friendly and profitable. We will restore your facility to optimum efficiency and improve operational reliability. Our method even extends the working life of your equipment.Recond your system We will restore your facility to optimum efficiency and improve operational reliability. Our method even extends the working life &#8230; <\/p>\n<div><a href=\"https:\/\/recondconcept.se\/en\/\" class=\"more-link\">Read More<\/a><\/div>\n","protected":false},"author":1,"featured_media":0,"parent":0,"menu_order":0,"comment_status":"closed","ping_status":"closed","template":"template-blank-4.php","meta":{"footnotes":""},"class_list":["post-712","page","type-page","status-publish","hentry","no-post-thumbnail"],"yoast_head":"<!-- This site is optimized with the Yoast SEO Premium plugin v20.3 (Yoast SEO v26.4) - https:\/\/yoast.com\/wordpress\/plugins\/seo\/ -->\n<title>RecondConcept - Rethinking industrial maintenance<\/title>\n<meta name=\"description\" content=\"Innovative industrial maintenance that is efficient, environmentally friendly and profitable. RecondConcept clean and energy-optimise your facility.\" \/>\n<meta name=\"robots\" content=\"index, follow, max-snippet:-1, max-image-preview:large, max-video-preview:-1\" \/>\n<link rel=\"canonical\" href=\"https:\/\/recondconcept.se\/en\/\" \/>\n<meta property=\"og:locale\" content=\"en_US\" \/>\n<meta property=\"og:type\" content=\"article\" \/>\n<meta property=\"og:title\" content=\"Startpage\" \/>\n<meta property=\"og:description\" content=\"Innovative industrial maintenance that is efficient, environmentally friendly and profitable. RecondConcept clean and energy-optimise your facility.\" \/>\n<meta property=\"og:url\" content=\"https:\/\/recondconcept.se\/en\/\" \/>\n<meta property=\"og:site_name\" content=\"RecondConcept\" \/>\n<meta property=\"article:publisher\" content=\"https:\/\/www.facebook.com\/recondconcept\" \/>\n<meta property=\"article:modified_time\" content=\"2023-05-31T18:20:51+00:00\" \/>\n<meta property=\"og:image\" content=\"https:\/\/recondconcept.se\/wp-content\/uploads\/2020\/02\/Raffinaderi_Recond_Concept-1024x768.jpg\" \/>\n<meta name=\"twitter:card\" content=\"summary_large_image\" \/>\n<meta name=\"twitter:label1\" content=\"Est. reading time\" \/>\n\t<meta name=\"twitter:data1\" content=\"7 minutes\" \/>\n<script type=\"application\/ld+json\" class=\"yoast-schema-graph\">{\"@context\":\"https:\/\/schema.org\",\"@graph\":[{\"@type\":\"WebPage\",\"@id\":\"https:\/\/recondconcept.se\/en\/\",\"url\":\"https:\/\/recondconcept.se\/en\/\",\"name\":\"RecondConcept - Rethinking industrial maintenance\",\"isPartOf\":{\"@id\":\"https:\/\/recondconcept.se\/en\/#website\"},\"datePublished\":\"2020-01-30T10:36:27+00:00\",\"dateModified\":\"2023-05-31T18:20:51+00:00\",\"description\":\"Innovative industrial maintenance that is efficient, environmentally friendly and profitable. RecondConcept clean and energy-optimise your facility.\",\"breadcrumb\":{\"@id\":\"https:\/\/recondconcept.se\/en\/#breadcrumb\"},\"inLanguage\":\"en-US\",\"potentialAction\":[{\"@type\":\"ReadAction\",\"target\":[\"https:\/\/recondconcept.se\/en\/\"]}]},{\"@type\":\"BreadcrumbList\",\"@id\":\"https:\/\/recondconcept.se\/en\/#breadcrumb\",\"itemListElement\":[{\"@type\":\"ListItem\",\"position\":1,\"name\":\"Home\",\"item\":\"https:\/\/recondconcept.se\/en\/startsida\/\"},{\"@type\":\"ListItem\",\"position\":2,\"name\":\"Startpage\"}]},{\"@type\":\"WebSite\",\"@id\":\"https:\/\/recondconcept.se\/en\/#website\",\"url\":\"https:\/\/recondconcept.se\/en\/\",\"name\":\"RecondConcept\",\"description\":\"Nyt\u00e4nkande industriellt underh\u00e5ll som \u00e4r effektivt, milj\u00f6v\u00e4nligt och l\u00f6nsamt.\",\"publisher\":{\"@id\":\"https:\/\/recondconcept.se\/en\/#organization\"},\"alternateName\":\"Recond Concept\",\"potentialAction\":[{\"@type\":\"SearchAction\",\"target\":{\"@type\":\"EntryPoint\",\"urlTemplate\":\"https:\/\/recondconcept.se\/en\/?s={search_term_string}\"},\"query-input\":{\"@type\":\"PropertyValueSpecification\",\"valueRequired\":true,\"valueName\":\"search_term_string\"}}],\"inLanguage\":\"en-US\"},{\"@type\":\"Organization\",\"@id\":\"https:\/\/recondconcept.se\/en\/#organization\",\"name\":\"RecondConcept\",\"alternateName\":\"Recond Concept\",\"url\":\"https:\/\/recondconcept.se\/en\/\",\"logo\":{\"@type\":\"ImageObject\",\"inLanguage\":\"en-US\",\"@id\":\"https:\/\/recondconcept.se\/en\/#\/schema\/logo\/image\/\",\"url\":\"https:\/\/recondconcept.se\/wp-content\/uploads\/2022\/11\/RecondConcept-logotyp.jpeg\",\"contentUrl\":\"https:\/\/recondconcept.se\/wp-content\/uploads\/2022\/11\/RecondConcept-logotyp.jpeg\",\"width\":1024,\"height\":1024,\"caption\":\"RecondConcept\"},\"image\":{\"@id\":\"https:\/\/recondconcept.se\/en\/#\/schema\/logo\/image\/\"},\"sameAs\":[\"https:\/\/www.facebook.com\/recondconcept\",\"https:\/\/www.linkedin.com\/company\/9260039\/admin\/\"]}]}<\/script>\n<!-- \/ Yoast SEO Premium plugin. -->","yoast_head_json":{"title":"RecondConcept - Rethinking industrial maintenance","description":"Innovative industrial maintenance that is efficient, environmentally friendly and profitable. RecondConcept clean and energy-optimise your facility.","robots":{"index":"index","follow":"follow","max-snippet":"max-snippet:-1","max-image-preview":"max-image-preview:large","max-video-preview":"max-video-preview:-1"},"canonical":"https:\/\/recondconcept.se\/en\/","og_locale":"en_US","og_type":"article","og_title":"Startpage","og_description":"Innovative industrial maintenance that is efficient, environmentally friendly and profitable. RecondConcept clean and energy-optimise your facility.","og_url":"https:\/\/recondconcept.se\/en\/","og_site_name":"RecondConcept","article_publisher":"https:\/\/www.facebook.com\/recondconcept","article_modified_time":"2023-05-31T18:20:51+00:00","og_image":[{"url":"https:\/\/recondconcept.se\/wp-content\/uploads\/2020\/02\/Raffinaderi_Recond_Concept-1024x768.jpg","type":"","width":"","height":""}],"twitter_card":"summary_large_image","twitter_misc":{"Est. reading time":"7 minutes"},"schema":{"@context":"https:\/\/schema.org","@graph":[{"@type":"WebPage","@id":"https:\/\/recondconcept.se\/en\/","url":"https:\/\/recondconcept.se\/en\/","name":"RecondConcept - Rethinking industrial maintenance","isPartOf":{"@id":"https:\/\/recondconcept.se\/en\/#website"},"datePublished":"2020-01-30T10:36:27+00:00","dateModified":"2023-05-31T18:20:51+00:00","description":"Innovative industrial maintenance that is efficient, environmentally friendly and profitable. RecondConcept clean and energy-optimise your facility.","breadcrumb":{"@id":"https:\/\/recondconcept.se\/en\/#breadcrumb"},"inLanguage":"en-US","potentialAction":[{"@type":"ReadAction","target":["https:\/\/recondconcept.se\/en\/"]}]},{"@type":"BreadcrumbList","@id":"https:\/\/recondconcept.se\/en\/#breadcrumb","itemListElement":[{"@type":"ListItem","position":1,"name":"Home","item":"https:\/\/recondconcept.se\/en\/startsida\/"},{"@type":"ListItem","position":2,"name":"Startpage"}]},{"@type":"WebSite","@id":"https:\/\/recondconcept.se\/en\/#website","url":"https:\/\/recondconcept.se\/en\/","name":"RecondConcept","description":"Nyt\u00e4nkande industriellt underh\u00e5ll som \u00e4r effektivt, milj\u00f6v\u00e4nligt och l\u00f6nsamt.","publisher":{"@id":"https:\/\/recondconcept.se\/en\/#organization"},"alternateName":"Recond Concept","potentialAction":[{"@type":"SearchAction","target":{"@type":"EntryPoint","urlTemplate":"https:\/\/recondconcept.se\/en\/?s={search_term_string}"},"query-input":{"@type":"PropertyValueSpecification","valueRequired":true,"valueName":"search_term_string"}}],"inLanguage":"en-US"},{"@type":"Organization","@id":"https:\/\/recondconcept.se\/en\/#organization","name":"RecondConcept","alternateName":"Recond Concept","url":"https:\/\/recondconcept.se\/en\/","logo":{"@type":"ImageObject","inLanguage":"en-US","@id":"https:\/\/recondconcept.se\/en\/#\/schema\/logo\/image\/","url":"https:\/\/recondconcept.se\/wp-content\/uploads\/2022\/11\/RecondConcept-logotyp.jpeg","contentUrl":"https:\/\/recondconcept.se\/wp-content\/uploads\/2022\/11\/RecondConcept-logotyp.jpeg","width":1024,"height":1024,"caption":"RecondConcept"},"image":{"@id":"https:\/\/recondconcept.se\/en\/#\/schema\/logo\/image\/"},"sameAs":["https:\/\/www.facebook.com\/recondconcept","https:\/\/www.linkedin.com\/company\/9260039\/admin\/"]}]}},"_links":{"self":[{"href":"https:\/\/recondconcept.se\/en\/wp-json\/wp\/v2\/pages\/712","targetHints":{"allow":["GET"]}}],"collection":[{"href":"https:\/\/recondconcept.se\/en\/wp-json\/wp\/v2\/pages"}],"about":[{"href":"https:\/\/recondconcept.se\/en\/wp-json\/wp\/v2\/types\/page"}],"author":[{"embeddable":true,"href":"https:\/\/recondconcept.se\/en\/wp-json\/wp\/v2\/users\/1"}],"replies":[{"embeddable":true,"href":"https:\/\/recondconcept.se\/en\/wp-json\/wp\/v2\/comments?post=712"}],"version-history":[{"count":34,"href":"https:\/\/recondconcept.se\/en\/wp-json\/wp\/v2\/pages\/712\/revisions"}],"predecessor-version":[{"id":1656,"href":"https:\/\/recondconcept.se\/en\/wp-json\/wp\/v2\/pages\/712\/revisions\/1656"}],"wp:attachment":[{"href":"https:\/\/recondconcept.se\/en\/wp-json\/wp\/v2\/media?parent=712"}],"curies":[{"name":"wp","href":"https:\/\/api.w.org\/{rel}","templated":true}]}}