{"id":721,"date":"2020-01-30T15:36:54","date_gmt":"2020-01-30T14:36:54","guid":{"rendered":"https:\/\/recondconcept.se\/arbetssatt\/"},"modified":"2023-07-06T12:44:52","modified_gmt":"2023-07-06T10:44:52","slug":"working-method","status":"publish","type":"page","link":"https:\/\/recondconcept.se\/en\/working-method\/","title":{"rendered":"Working method"},"content":{"rendered":"<div id=\"cs-content\" class=\"cs-content\"><\/div>\n","protected":false},"excerpt":{"rendered":"<p>Working method Industrial maintenance in a new way Our method is developed by Nils-Erik Jonasson, who has worked in the energy industry since 1981. 25 years ago, he investigated industrial maintenance systems within the energy company Fortum with the aim of streamlining the work. That&#8217;s how the Recond Concept was born.RecondConcept minimizes the need for dismantling and mechanical cleaning. Previously, &#8230; <\/p>\n<div><a href=\"https:\/\/recondconcept.se\/en\/working-method\/\" class=\"more-link\">Read More<\/a><\/div>\n","protected":false},"author":1,"featured_media":0,"parent":0,"menu_order":0,"comment_status":"closed","ping_status":"closed","template":"template-blank-4.php","meta":{"footnotes":""},"class_list":["post-721","page","type-page","status-publish","hentry","no-post-thumbnail"],"yoast_head":"<!-- This site is optimized with the Yoast SEO Premium plugin v20.3 (Yoast SEO v26.4) - https:\/\/yoast.com\/wordpress\/plugins\/seo\/ -->\n<title>New approach to industrial maintenance - RecondConcept<\/title>\n<meta name=\"description\" content=\"Our method was developed by our CEO Nils-Erik, who has been working in the energy sector since 1981. RecondConcept was hatched 25 years ago.\" \/>\n<meta name=\"robots\" content=\"index, follow, max-snippet:-1, max-image-preview:large, max-video-preview:-1\" \/>\n<link rel=\"canonical\" href=\"https:\/\/recondconcept.se\/en\/working-method\/\" \/>\n<meta property=\"og:locale\" content=\"en_US\" \/>\n<meta property=\"og:type\" content=\"article\" \/>\n<meta property=\"og:title\" content=\"Working method\" \/>\n<meta property=\"og:description\" content=\"Our method was developed by our CEO Nils-Erik, who has been working in the energy sector since 1981. RecondConcept was hatched 25 years ago.\" \/>\n<meta property=\"og:url\" content=\"https:\/\/recondconcept.se\/en\/working-method\/\" \/>\n<meta property=\"og:site_name\" content=\"RecondConcept\" \/>\n<meta property=\"article:publisher\" content=\"https:\/\/www.facebook.com\/recondconcept\" \/>\n<meta property=\"article:modified_time\" content=\"2023-07-06T10:44:52+00:00\" \/>\n<meta property=\"og:image\" content=\"https:\/\/recondconcept.se\/wp-content\/uploads\/2020\/04\/Arbetssa\u0308tt-1-1024x576.jpg\" \/>\n<meta name=\"twitter:card\" content=\"summary_large_image\" \/>\n<meta name=\"twitter:label1\" content=\"Est. reading time\" \/>\n\t<meta name=\"twitter:data1\" content=\"2 minutes\" \/>\n<script type=\"application\/ld+json\" class=\"yoast-schema-graph\">{\"@context\":\"https:\/\/schema.org\",\"@graph\":[{\"@type\":\"WebPage\",\"@id\":\"https:\/\/recondconcept.se\/en\/working-method\/\",\"url\":\"https:\/\/recondconcept.se\/en\/working-method\/\",\"name\":\"New approach to industrial maintenance - RecondConcept\",\"isPartOf\":{\"@id\":\"https:\/\/recondconcept.se\/en\/#website\"},\"datePublished\":\"2020-01-30T14:36:54+00:00\",\"dateModified\":\"2023-07-06T10:44:52+00:00\",\"description\":\"Our method was developed by our CEO Nils-Erik, who has been working in the energy sector since 1981. RecondConcept was hatched 25 years ago.\",\"breadcrumb\":{\"@id\":\"https:\/\/recondconcept.se\/en\/working-method\/#breadcrumb\"},\"inLanguage\":\"en-US\",\"potentialAction\":[{\"@type\":\"ReadAction\",\"target\":[\"https:\/\/recondconcept.se\/en\/working-method\/\"]}]},{\"@type\":\"BreadcrumbList\",\"@id\":\"https:\/\/recondconcept.se\/en\/working-method\/#breadcrumb\",\"itemListElement\":[{\"@type\":\"ListItem\",\"position\":1,\"name\":\"Home\",\"item\":\"https:\/\/recondconcept.se\/en\/startsida\/\"},{\"@type\":\"ListItem\",\"position\":2,\"name\":\"Working method\"}]},{\"@type\":\"WebSite\",\"@id\":\"https:\/\/recondconcept.se\/en\/#website\",\"url\":\"https:\/\/recondconcept.se\/en\/\",\"name\":\"RecondConcept\",\"description\":\"Nyt\u00e4nkande industriellt underh\u00e5ll som \u00e4r effektivt, milj\u00f6v\u00e4nligt och l\u00f6nsamt.\",\"publisher\":{\"@id\":\"https:\/\/recondconcept.se\/en\/#organization\"},\"alternateName\":\"Recond Concept\",\"potentialAction\":[{\"@type\":\"SearchAction\",\"target\":{\"@type\":\"EntryPoint\",\"urlTemplate\":\"https:\/\/recondconcept.se\/en\/?s={search_term_string}\"},\"query-input\":{\"@type\":\"PropertyValueSpecification\",\"valueRequired\":true,\"valueName\":\"search_term_string\"}}],\"inLanguage\":\"en-US\"},{\"@type\":\"Organization\",\"@id\":\"https:\/\/recondconcept.se\/en\/#organization\",\"name\":\"RecondConcept\",\"alternateName\":\"Recond Concept\",\"url\":\"https:\/\/recondconcept.se\/en\/\",\"logo\":{\"@type\":\"ImageObject\",\"inLanguage\":\"en-US\",\"@id\":\"https:\/\/recondconcept.se\/en\/#\/schema\/logo\/image\/\",\"url\":\"https:\/\/recondconcept.se\/wp-content\/uploads\/2022\/11\/RecondConcept-logotyp.jpeg\",\"contentUrl\":\"https:\/\/recondconcept.se\/wp-content\/uploads\/2022\/11\/RecondConcept-logotyp.jpeg\",\"width\":1024,\"height\":1024,\"caption\":\"RecondConcept\"},\"image\":{\"@id\":\"https:\/\/recondconcept.se\/en\/#\/schema\/logo\/image\/\"},\"sameAs\":[\"https:\/\/www.facebook.com\/recondconcept\",\"https:\/\/www.linkedin.com\/company\/9260039\/admin\/\"]}]}<\/script>\n<!-- \/ Yoast SEO Premium plugin. -->","yoast_head_json":{"title":"New approach to industrial maintenance - RecondConcept","description":"Our method was developed by our CEO Nils-Erik, who has been working in the energy sector since 1981. RecondConcept was hatched 25 years ago.","robots":{"index":"index","follow":"follow","max-snippet":"max-snippet:-1","max-image-preview":"max-image-preview:large","max-video-preview":"max-video-preview:-1"},"canonical":"https:\/\/recondconcept.se\/en\/working-method\/","og_locale":"en_US","og_type":"article","og_title":"Working method","og_description":"Our method was developed by our CEO Nils-Erik, who has been working in the energy sector since 1981. RecondConcept was hatched 25 years ago.","og_url":"https:\/\/recondconcept.se\/en\/working-method\/","og_site_name":"RecondConcept","article_publisher":"https:\/\/www.facebook.com\/recondconcept","article_modified_time":"2023-07-06T10:44:52+00:00","og_image":[{"url":"https:\/\/recondconcept.se\/wp-content\/uploads\/2020\/04\/Arbetssa\u0308tt-1-1024x576.jpg","type":"","width":"","height":""}],"twitter_card":"summary_large_image","twitter_misc":{"Est. reading time":"2 minutes"},"schema":{"@context":"https:\/\/schema.org","@graph":[{"@type":"WebPage","@id":"https:\/\/recondconcept.se\/en\/working-method\/","url":"https:\/\/recondconcept.se\/en\/working-method\/","name":"New approach to industrial maintenance - RecondConcept","isPartOf":{"@id":"https:\/\/recondconcept.se\/en\/#website"},"datePublished":"2020-01-30T14:36:54+00:00","dateModified":"2023-07-06T10:44:52+00:00","description":"Our method was developed by our CEO Nils-Erik, who has been working in the energy sector since 1981. RecondConcept was hatched 25 years ago.","breadcrumb":{"@id":"https:\/\/recondconcept.se\/en\/working-method\/#breadcrumb"},"inLanguage":"en-US","potentialAction":[{"@type":"ReadAction","target":["https:\/\/recondconcept.se\/en\/working-method\/"]}]},{"@type":"BreadcrumbList","@id":"https:\/\/recondconcept.se\/en\/working-method\/#breadcrumb","itemListElement":[{"@type":"ListItem","position":1,"name":"Home","item":"https:\/\/recondconcept.se\/en\/startsida\/"},{"@type":"ListItem","position":2,"name":"Working method"}]},{"@type":"WebSite","@id":"https:\/\/recondconcept.se\/en\/#website","url":"https:\/\/recondconcept.se\/en\/","name":"RecondConcept","description":"Nyt\u00e4nkande industriellt underh\u00e5ll som \u00e4r effektivt, milj\u00f6v\u00e4nligt och l\u00f6nsamt.","publisher":{"@id":"https:\/\/recondconcept.se\/en\/#organization"},"alternateName":"Recond Concept","potentialAction":[{"@type":"SearchAction","target":{"@type":"EntryPoint","urlTemplate":"https:\/\/recondconcept.se\/en\/?s={search_term_string}"},"query-input":{"@type":"PropertyValueSpecification","valueRequired":true,"valueName":"search_term_string"}}],"inLanguage":"en-US"},{"@type":"Organization","@id":"https:\/\/recondconcept.se\/en\/#organization","name":"RecondConcept","alternateName":"Recond Concept","url":"https:\/\/recondconcept.se\/en\/","logo":{"@type":"ImageObject","inLanguage":"en-US","@id":"https:\/\/recondconcept.se\/en\/#\/schema\/logo\/image\/","url":"https:\/\/recondconcept.se\/wp-content\/uploads\/2022\/11\/RecondConcept-logotyp.jpeg","contentUrl":"https:\/\/recondconcept.se\/wp-content\/uploads\/2022\/11\/RecondConcept-logotyp.jpeg","width":1024,"height":1024,"caption":"RecondConcept"},"image":{"@id":"https:\/\/recondconcept.se\/en\/#\/schema\/logo\/image\/"},"sameAs":["https:\/\/www.facebook.com\/recondconcept","https:\/\/www.linkedin.com\/company\/9260039\/admin\/"]}]}},"_links":{"self":[{"href":"https:\/\/recondconcept.se\/en\/wp-json\/wp\/v2\/pages\/721","targetHints":{"allow":["GET"]}}],"collection":[{"href":"https:\/\/recondconcept.se\/en\/wp-json\/wp\/v2\/pages"}],"about":[{"href":"https:\/\/recondconcept.se\/en\/wp-json\/wp\/v2\/types\/page"}],"author":[{"embeddable":true,"href":"https:\/\/recondconcept.se\/en\/wp-json\/wp\/v2\/users\/1"}],"replies":[{"embeddable":true,"href":"https:\/\/recondconcept.se\/en\/wp-json\/wp\/v2\/comments?post=721"}],"version-history":[{"count":37,"href":"https:\/\/recondconcept.se\/en\/wp-json\/wp\/v2\/pages\/721\/revisions"}],"predecessor-version":[{"id":1684,"href":"https:\/\/recondconcept.se\/en\/wp-json\/wp\/v2\/pages\/721\/revisions\/1684"}],"wp:attachment":[{"href":"https:\/\/recondconcept.se\/en\/wp-json\/wp\/v2\/media?parent=721"}],"curies":[{"name":"wp","href":"https:\/\/api.w.org\/{rel}","templated":true}]}}