{"id":742,"date":"2020-01-30T14:34:45","date_gmt":"2020-01-30T13:34:45","guid":{"rendered":"https:\/\/recondconcept.se\/kontakt\/"},"modified":"2025-08-25T15:48:05","modified_gmt":"2025-08-25T13:48:05","slug":"contact","status":"publish","type":"page","link":"https:\/\/recondconcept.se\/en\/contact\/","title":{"rendered":"Contact"},"content":{"rendered":"<div id=\"cs-content\" class=\"cs-content\"><\/div>\n","protected":false},"excerpt":{"rendered":"<p>Contact us for a profitable collaboration NILS-ERIK JONASSON CEO and marketing+46 70 647 19 87EmailRecondConcept Centralgatan 1 841 33 \u00c5NGECARINA JONASSON Site Manager, Sweden+46 70 307 59 58EmailRecondConcept Centralgatan 1 841 33 \u00c5NGEPHILIP JONASSON Project Manager, Sweden+46 70 373 45 37EmailRecondConcept Centralgatan 1 841 33 \u00c5NGEMIKAELA JONSSON Administration, Sweden+46 690 617 20EmailRecondConcept Centralgatan 1 841 33 \u00c5NGEMikael Persson Workshop Manager, &#8230; <\/p>\n<div><a href=\"https:\/\/recondconcept.se\/en\/contact\/\" class=\"more-link\">Read More<\/a><\/div>\n","protected":false},"author":1,"featured_media":0,"parent":0,"menu_order":0,"comment_status":"closed","ping_status":"closed","template":"template-blank-4.php","meta":{"footnotes":""},"class_list":["post-742","page","type-page","status-publish","hentry","no-post-thumbnail"],"yoast_head":"<!-- This site is optimized with the Yoast SEO Premium plugin v20.3 (Yoast SEO v26.4) - https:\/\/yoast.com\/wordpress\/plugins\/seo\/ -->\n<title>Contact us for potential partnerships - RecondConcept<\/title>\n<meta name=\"description\" content=\"If you have any inquiries or would like to get in touch with us for potential partnerships, please call or send us a message. We will do our best to get back to you as soon as possible.\" \/>\n<meta name=\"robots\" content=\"index, follow, max-snippet:-1, max-image-preview:large, max-video-preview:-1\" \/>\n<link rel=\"canonical\" href=\"https:\/\/recondconcept.se\/en\/contact\/\" \/>\n<meta property=\"og:locale\" content=\"en_US\" \/>\n<meta property=\"og:type\" content=\"article\" \/>\n<meta property=\"og:title\" content=\"Contact\" \/>\n<meta property=\"og:description\" content=\"If you have any inquiries or would like to get in touch with us for potential partnerships, please call or send us a message. We will do our best to get back to you as soon as possible.\" \/>\n<meta property=\"og:url\" content=\"https:\/\/recondconcept.se\/en\/contact\/\" \/>\n<meta property=\"og:site_name\" content=\"RecondConcept\" \/>\n<meta property=\"article:publisher\" content=\"https:\/\/www.facebook.com\/recondconcept\" \/>\n<meta property=\"article:modified_time\" content=\"2025-08-25T13:48:05+00:00\" \/>\n<meta property=\"og:image\" content=\"https:\/\/recondconcept.se\/wp-content\/uploads\/2020\/04\/Ska\u0308rmavbild-2020-03-12-kl.-11.23.38.jpg\" \/>\n\t<meta property=\"og:image:width\" content=\"2000\" \/>\n\t<meta property=\"og:image:height\" content=\"1070\" \/>\n\t<meta property=\"og:image:type\" content=\"image\/jpeg\" \/>\n<meta name=\"twitter:card\" content=\"summary_large_image\" \/>\n<meta name=\"twitter:label1\" content=\"Est. reading time\" \/>\n\t<meta name=\"twitter:data1\" content=\"1 minute\" \/>\n<script type=\"application\/ld+json\" class=\"yoast-schema-graph\">{\"@context\":\"https:\/\/schema.org\",\"@graph\":[{\"@type\":\"WebPage\",\"@id\":\"https:\/\/recondconcept.se\/en\/contact\/\",\"url\":\"https:\/\/recondconcept.se\/en\/contact\/\",\"name\":\"Contact us for potential partnerships - RecondConcept\",\"isPartOf\":{\"@id\":\"https:\/\/recondconcept.se\/en\/#website\"},\"datePublished\":\"2020-01-30T13:34:45+00:00\",\"dateModified\":\"2025-08-25T13:48:05+00:00\",\"description\":\"If you have any inquiries or would like to get in touch with us for potential partnerships, please call or send us a message. We will do our best to get back to you as soon as possible.\",\"breadcrumb\":{\"@id\":\"https:\/\/recondconcept.se\/en\/contact\/#breadcrumb\"},\"inLanguage\":\"en-US\",\"potentialAction\":[{\"@type\":\"ReadAction\",\"target\":[\"https:\/\/recondconcept.se\/en\/contact\/\"]}]},{\"@type\":\"BreadcrumbList\",\"@id\":\"https:\/\/recondconcept.se\/en\/contact\/#breadcrumb\",\"itemListElement\":[{\"@type\":\"ListItem\",\"position\":1,\"name\":\"Home\",\"item\":\"https:\/\/recondconcept.se\/en\/startsida\/\"},{\"@type\":\"ListItem\",\"position\":2,\"name\":\"Contact\"}]},{\"@type\":\"WebSite\",\"@id\":\"https:\/\/recondconcept.se\/en\/#website\",\"url\":\"https:\/\/recondconcept.se\/en\/\",\"name\":\"RecondConcept\",\"description\":\"Nyt\u00e4nkande industriellt underh\u00e5ll som \u00e4r effektivt, milj\u00f6v\u00e4nligt och l\u00f6nsamt.\",\"publisher\":{\"@id\":\"https:\/\/recondconcept.se\/en\/#organization\"},\"alternateName\":\"Recond Concept\",\"potentialAction\":[{\"@type\":\"SearchAction\",\"target\":{\"@type\":\"EntryPoint\",\"urlTemplate\":\"https:\/\/recondconcept.se\/en\/?s={search_term_string}\"},\"query-input\":{\"@type\":\"PropertyValueSpecification\",\"valueRequired\":true,\"valueName\":\"search_term_string\"}}],\"inLanguage\":\"en-US\"},{\"@type\":\"Organization\",\"@id\":\"https:\/\/recondconcept.se\/en\/#organization\",\"name\":\"RecondConcept\",\"alternateName\":\"Recond Concept\",\"url\":\"https:\/\/recondconcept.se\/en\/\",\"logo\":{\"@type\":\"ImageObject\",\"inLanguage\":\"en-US\",\"@id\":\"https:\/\/recondconcept.se\/en\/#\/schema\/logo\/image\/\",\"url\":\"https:\/\/recondconcept.se\/wp-content\/uploads\/2022\/11\/RecondConcept-logotyp.jpeg\",\"contentUrl\":\"https:\/\/recondconcept.se\/wp-content\/uploads\/2022\/11\/RecondConcept-logotyp.jpeg\",\"width\":1024,\"height\":1024,\"caption\":\"RecondConcept\"},\"image\":{\"@id\":\"https:\/\/recondconcept.se\/en\/#\/schema\/logo\/image\/\"},\"sameAs\":[\"https:\/\/www.facebook.com\/recondconcept\",\"https:\/\/www.linkedin.com\/company\/9260039\/admin\/\"]}]}<\/script>\n<!-- \/ Yoast SEO Premium plugin. -->","yoast_head_json":{"title":"Contact us for potential partnerships - RecondConcept","description":"If you have any inquiries or would like to get in touch with us for potential partnerships, please call or send us a message. We will do our best to get back to you as soon as possible.","robots":{"index":"index","follow":"follow","max-snippet":"max-snippet:-1","max-image-preview":"max-image-preview:large","max-video-preview":"max-video-preview:-1"},"canonical":"https:\/\/recondconcept.se\/en\/contact\/","og_locale":"en_US","og_type":"article","og_title":"Contact","og_description":"If you have any inquiries or would like to get in touch with us for potential partnerships, please call or send us a message. We will do our best to get back to you as soon as possible.","og_url":"https:\/\/recondconcept.se\/en\/contact\/","og_site_name":"RecondConcept","article_publisher":"https:\/\/www.facebook.com\/recondconcept","article_modified_time":"2025-08-25T13:48:05+00:00","og_image":[{"width":2000,"height":1070,"url":"https:\/\/recondconcept.se\/wp-content\/uploads\/2020\/04\/Ska\u0308rmavbild-2020-03-12-kl.-11.23.38.jpg","type":"image\/jpeg"}],"twitter_card":"summary_large_image","twitter_misc":{"Est. reading time":"1 minute"},"schema":{"@context":"https:\/\/schema.org","@graph":[{"@type":"WebPage","@id":"https:\/\/recondconcept.se\/en\/contact\/","url":"https:\/\/recondconcept.se\/en\/contact\/","name":"Contact us for potential partnerships - RecondConcept","isPartOf":{"@id":"https:\/\/recondconcept.se\/en\/#website"},"datePublished":"2020-01-30T13:34:45+00:00","dateModified":"2025-08-25T13:48:05+00:00","description":"If you have any inquiries or would like to get in touch with us for potential partnerships, please call or send us a message. We will do our best to get back to you as soon as possible.","breadcrumb":{"@id":"https:\/\/recondconcept.se\/en\/contact\/#breadcrumb"},"inLanguage":"en-US","potentialAction":[{"@type":"ReadAction","target":["https:\/\/recondconcept.se\/en\/contact\/"]}]},{"@type":"BreadcrumbList","@id":"https:\/\/recondconcept.se\/en\/contact\/#breadcrumb","itemListElement":[{"@type":"ListItem","position":1,"name":"Home","item":"https:\/\/recondconcept.se\/en\/startsida\/"},{"@type":"ListItem","position":2,"name":"Contact"}]},{"@type":"WebSite","@id":"https:\/\/recondconcept.se\/en\/#website","url":"https:\/\/recondconcept.se\/en\/","name":"RecondConcept","description":"Nyt\u00e4nkande industriellt underh\u00e5ll som \u00e4r effektivt, milj\u00f6v\u00e4nligt och l\u00f6nsamt.","publisher":{"@id":"https:\/\/recondconcept.se\/en\/#organization"},"alternateName":"Recond Concept","potentialAction":[{"@type":"SearchAction","target":{"@type":"EntryPoint","urlTemplate":"https:\/\/recondconcept.se\/en\/?s={search_term_string}"},"query-input":{"@type":"PropertyValueSpecification","valueRequired":true,"valueName":"search_term_string"}}],"inLanguage":"en-US"},{"@type":"Organization","@id":"https:\/\/recondconcept.se\/en\/#organization","name":"RecondConcept","alternateName":"Recond Concept","url":"https:\/\/recondconcept.se\/en\/","logo":{"@type":"ImageObject","inLanguage":"en-US","@id":"https:\/\/recondconcept.se\/en\/#\/schema\/logo\/image\/","url":"https:\/\/recondconcept.se\/wp-content\/uploads\/2022\/11\/RecondConcept-logotyp.jpeg","contentUrl":"https:\/\/recondconcept.se\/wp-content\/uploads\/2022\/11\/RecondConcept-logotyp.jpeg","width":1024,"height":1024,"caption":"RecondConcept"},"image":{"@id":"https:\/\/recondconcept.se\/en\/#\/schema\/logo\/image\/"},"sameAs":["https:\/\/www.facebook.com\/recondconcept","https:\/\/www.linkedin.com\/company\/9260039\/admin\/"]}]}},"_links":{"self":[{"href":"https:\/\/recondconcept.se\/en\/wp-json\/wp\/v2\/pages\/742","targetHints":{"allow":["GET"]}}],"collection":[{"href":"https:\/\/recondconcept.se\/en\/wp-json\/wp\/v2\/pages"}],"about":[{"href":"https:\/\/recondconcept.se\/en\/wp-json\/wp\/v2\/types\/page"}],"author":[{"embeddable":true,"href":"https:\/\/recondconcept.se\/en\/wp-json\/wp\/v2\/users\/1"}],"replies":[{"embeddable":true,"href":"https:\/\/recondconcept.se\/en\/wp-json\/wp\/v2\/comments?post=742"}],"version-history":[{"count":34,"href":"https:\/\/recondconcept.se\/en\/wp-json\/wp\/v2\/pages\/742\/revisions"}],"predecessor-version":[{"id":1780,"href":"https:\/\/recondconcept.se\/en\/wp-json\/wp\/v2\/pages\/742\/revisions\/1780"}],"wp:attachment":[{"href":"https:\/\/recondconcept.se\/en\/wp-json\/wp\/v2\/media?parent=742"}],"curies":[{"name":"wp","href":"https:\/\/api.w.org\/{rel}","templated":true}]}}